{"id":7,"date":"2023-04-04T20:51:13","date_gmt":"2023-04-04T18:51:13","guid":{"rendered":"http:\/\/aaventure.fr\/?page_id=7"},"modified":"2026-05-04T19:31:57","modified_gmt":"2026-05-04T17:31:57","slug":"accueil","status":"publish","type":"page","link":"https:\/\/aaventure.fr\/","title":{"rendered":"from your  \u00c2me  to Mag7"},"content":{"rendered":"<h3 style=\"text-align: center;\">from the<b> VIRUS <\/b>to <b>AiRBUS, <\/b>from<b> Oxygen<\/b><b>\ud83d\udef0\ufe0f<\/b><b><\/b>to<b> mARN, <\/b><b>\u00a0<\/b>from <b>\u00a0HAWAii <\/b>to <b>C4Ai<\/b><\/h3>\n<h2 style=\"text-align: left;\"><strong>Everything we do, we believe in challenging Market Status Quo\u00a0<\/strong><\/h2>\n<ul>\n<li>\ud83c\udf31<strong>Your DNA, your iAme, your Service<a href=\"https:\/\/www.he.net\/3d-map\/\" target=\"_blank\" rel=\"noopener\">\u00b2<\/a><\/strong><\/li>\n<li>YOur 1st Triple Cube Sat 3U:\u00a0 5G \u00a0NTN <a href=\"https:\/\/platform.leolabs.space\/visualizations\/leo\" target=\"_blank\" rel=\"noopener\"><b style=\"font-size: 1.125rem; text-align: center;\">\ud83d\udef0\ufe0f<\/b><\/a><\/li>\n<li><strong>Private Equity: SegTool to focus on\u00a0<\/strong><strong>the most attractive sub-sectors within the HCLS industries\u00a0<\/strong><\/li>\n<li><strong>Selling Cyber Availability : SOC APM NOC<\/strong><\/li>\n<li>Ai, HPC &amp; DC service: Land to 1st Photon, <a href=\"https:\/\/www.submarinecablemap.com\" target=\"_blank\" rel=\"noopener\">INfra<\/a> <a href=\"https:\/\/weathermap.ip-max.net\/\" target=\"_blank\" rel=\"noopener\">\u00b3<\/a><\/li>\n<li>\ud83d\udce1Ground Station<a href=\"https:\/\/soar.earth\/maps\/america-united-states-satellite-ground-stations-in-hawaii-18466?pos=21.66785759401684%2C-158.0335013607053%2C16.18\" target=\"_blank\" rel=\"noopener\">\u00b3<\/a>\u00a0 <a href=\"https:\/\/satellitegroundstation.com\/ground-stations\/hawaii-ground-station-kaena-point-space-force-station\/\" target=\"_blank\" rel=\"noopener\">\u00b2<\/a> FPSO Commissioning<\/li>\n<li><strong>\u00a0<\/strong><strong>APM Hospital full Cyber &amp; Surgery Robotics<\/strong><\/li>\n<li>NeptuneView PasS for C4i -CNI Vledo<\/li>\n<li><strong>HawAi, our Aigentic Beam for your Or<a href=\"https:\/\/he.net\/3d-map\/\" target=\"_blank\" rel=\"noopener\">g<\/a><\/strong><\/li>\n<li><strong>mCiA, CSU full Equipment, C&amp;C, cams<\/strong><\/li>\n<li><strong>Vaulted Office P4 BWP HCLS &gt; iard$<\/strong><\/li>\n<li>Identity Threat Detection &amp; Response (ITDR)Zero Trust identity models<\/li>\n<li>Marine Offshore O&amp;G PaaS\u00b2, Yacht Equipment<\/li>\n<li>GPU BioConvergence\u00a0 &amp; Agential Ai \/ 10Gbps<\/li>\n<li>NVIDIA\u00a0 Cuda-X LifeSciences &amp;\u00a0Cybersecurity<\/li>\n<li>Take5 AI\u2019s Colossus supercomputer<\/li>\n<li>MedevaciA| Single Cell Ai | GiX NGS<\/li>\n<li>1,172 Zett<a href=\"https:\/\/patents.google.com\/patent\/US8679789\" target=\"_blank\" rel=\"noopener\">aOctets<\/a> BB|\u00a0 Block 3 avionics<\/li>\n<li>Nanobots, XTherapy in STOMICS<\/li>\n<li>Spatiotemporal multi-omics platform<\/li>\n<li><a href=\"https:\/\/youtube.com\/shorts\/tH2ub7L5PU4?feature=shared\" target=\"_blank\" rel=\"noopener\">Orbit-Manual Satellite Deployment\/Toss<\/a><\/li>\n<li>Soft-in-the-loop &#8211; Drone Quaternion V3D CudA<\/li>\n<li>Praticians Ai boosting Therapy with A<a href=\"https:\/\/patents.google.com\/patent\/US8543339B2\/en\" target=\"_blank\" rel=\"noopener\">i<\/a><\/li>\n<li>AERO\u00b2: Spare Parts H14x\/E225 F1 F16 MD MG<\/li>\n<li>Innov&rsquo;: VPP, Spatial Transcript&rsquo;Omics, \u03b1Fold<\/li>\n<li>Services : OnBoat, OnJet, NOCaaS<\/li>\n<li><span style=\"color: #999999;\"><strong style=\"font-size: 1em;\"><a href=\"https:\/\/www.nrlmry.navy.mil\/nexsat-bin\/nexsat.cgi?BASIN=CONUS&amp;SUB_BASIN=focus_regions&amp;REGION=Europe&amp;AGE=Latest&amp;PRODUCT=ir_images&amp;SIZE=Full&amp;DISPLAY=Single&amp;SUB_PRODUCT=viirs&amp;PATH=Europe\/Expanded\/vis_ir_background\/meteo8&amp;CURRENT=20201222.1200.msg_4.visir.bckgr.Europe_Expanded.DAYNGT.jpg&amp;SECTOR=Expanded&amp;\" target=\"_blank\" rel=\"noopener\">O<\/a> \u00a0<\/strong><a href=\"https:\/\/bamqam.com\/\" target=\"_blank\" rel=\"noopener\">P<\/a> \u00a0<a style=\"color: #999999;\" href=\"https:\/\/www.nrlmry.navy.mil\/sat-bin\/tropics.cgi\" target=\"_blank\" rel=\"noopener noreferrer\">A<\/a>\u00a0 <a href=\"https:\/\/goo.gl\/maps\/WXgAbVtrV5YXSbvMA\" target=\"_blank\" rel=\"noopener\">L<\/a>\u00a0 \u0414 \u00a0<a style=\"color: #999999;\" href=\"https:\/\/www.earthcam.com\/usa\/newyork\/statueofliberty\/index.php?cam=liberty_hd\" target=\"_blank\" rel=\"noopener noreferrer\">N<\/a>\u00a0 T \u00a0I \u0404 \u0413 <a href=\"https:\/\/ww2.sig-ge.ch\/jet-eau\" target=\"_blank\" rel=\"noopener\">G<\/a> A <a href=\"https:\/\/www.miamidade.gov\/portmiami\/webcams.page\" target=\"_blank\" rel=\"noopener\">M<\/a> <a href=\"https:\/\/www.youtube.com\/live\/7XT3EY_1NPU?si=FavxkCyXG44scYHp\" target=\"_blank\" rel=\"noopener\">H<\/a><\/span><\/li>\n<li><a href=\"https:\/\/sustainability.google\/intl\/fr_fr\/?utm_source=googlehpfooter&amp;utm_medium=housepromos&amp;utm_campaign=bottom-footer&amp;utm_content=\" target=\"_blank\" rel=\"noopener\">\ud83c\udf31OUR 4th DECADE OF ACTION FOR CLIMATE<\/a><img loading=\"lazy\" decoding=\"async\" class=\"alignnone size-full wp-image-1644\" style=\"font-size: revert;\" src=\"http:\/\/aaventure.fr\/wp-content\/uploads\/2025\/05\/SpacetimeDemo.jpg\" alt=\"Demo\" width=\"1763\" height=\"995\" srcset=\"https:\/\/aaventure.fr\/wp-content\/uploads\/2025\/05\/SpacetimeDemo.jpg 1763w, https:\/\/aaventure.fr\/wp-content\/uploads\/2025\/05\/SpacetimeDemo-300x169.jpg 300w, https:\/\/aaventure.fr\/wp-content\/uploads\/2025\/05\/SpacetimeDemo-1024x578.jpg 1024w, https:\/\/aaventure.fr\/wp-content\/uploads\/2025\/05\/SpacetimeDemo-768x433.jpg 768w, https:\/\/aaventure.fr\/wp-content\/uploads\/2025\/05\/SpacetimeDemo-1536x867.jpg 1536w, https:\/\/aaventure.fr\/wp-content\/uploads\/2025\/05\/SpacetimeDemo-1500x847.jpg 1500w, https:\/\/aaventure.fr\/wp-content\/uploads\/2025\/05\/SpacetimeDemo-150x85.jpg 150w\" sizes=\"auto, (max-width: 767px) 89vw, (max-width: 1000px) 54vw, (max-width: 1071px) 543px, 580px\" \/><\/li>\n<li>Special Deal 10 DAYS IYH: UlSo, OBOGS, 100Gbps*<\/li>\n<li><img loading=\"lazy\" decoding=\"async\" class=\"alignnone  wp-image-842\" src=\"http:\/\/aaventure.fr\/wp-content\/uploads\/2021\/03\/logo_datadock-300x75.png\" alt=\"\" width=\"96\" height=\"24\" srcset=\"https:\/\/aaventure.fr\/wp-content\/uploads\/2021\/03\/logo_datadock-300x75.png 300w, https:\/\/aaventure.fr\/wp-content\/uploads\/2021\/03\/logo_datadock.png 328w\" sizes=\"auto, (max-width: 96px) 100vw, 96px\" \/> University Training Center, Cloud, NGS<\/li>\n<li>Schnell ReaktionKr\u00e4fte MS \/ OFYE RSSI FinOps<\/li>\n<\/ul>\n<p><span style=\"color: #999999;\"><strong style=\"font-size: 1em;\">\u00a0<\/strong>\u00a0 \u00a0 \u00a0\u00a0<\/span><\/p>\n","protected":false},"excerpt":{"rendered":"<p>from the VIRUS to AiRBUS, from Oxygen\ud83d\udef0\ufe0fto mARN, \u00a0from \u00a0HAWAii to C4Ai Everything we do, we believe in challenging Market Status Quo\u00a0 \ud83c\udf31Your DNA, your iAme, your Service\u00b2 YOur 1st Triple Cube Sat 3U:\u00a0 5G \u00a0NTN \ud83d\udef0\ufe0f Private Equity: SegTool to focus on\u00a0the most attractive sub-sectors within the HCLS industries\u00a0 Selling Cyber Availability : SOC &hellip; <\/p>\n<p class=\"link-more\"><a href=\"https:\/\/aaventure.fr\/\" class=\"more-link\">Continuer la lecture<span class=\"screen-reader-text\"> de &laquo;&nbsp;from your  \u00c2me  to Mag7&nbsp;&raquo;<\/span><\/a><\/p>\n","protected":false},"author":1,"featured_media":0,"parent":0,"menu_order":0,"comment_status":"closed","ping_status":"closed","template":"","meta":{"footnotes":""},"class_list":["post-7","page","type-page","status-publish","hentry"],"yoast_head":"<!-- This site is optimized with the Yoast SEO plugin v24.9 - https:\/\/yoast.com\/wordpress\/plugins\/seo\/ -->\n<title>from your \u00c2me to Mag7 - TOGETHER, WE Turn TECH, SCIENCE &amp; AMBITION INTO ACTION \ud83c\udf31<\/title>\n<meta name=\"description\" content=\"Boostez vos succ\u00e8s Client avec la transformation IT; du Cloud \u00e0 l&#039;Airbus, de l&#039;IA LeadMedic&#039;s au High Tech S\u00e9curis\u00e9 &amp; commercial; du Blei au Lead - Umwandlung; solutions Pros Cardio &amp; Pulmo O\u00b2 therapy\" \/>\n<meta name=\"robots\" content=\"index, follow, max-snippet:-1, max-image-preview:large, max-video-preview:-1\" \/>\n<link rel=\"canonical\" href=\"https:\/\/aaventure.fr\/\" \/>\n<meta property=\"og:locale\" content=\"fr_FR\" \/>\n<meta property=\"og:type\" content=\"article\" \/>\n<meta property=\"og:title\" content=\"from your \u00c2me to Mag7 - TOGETHER, WE Turn TECH, SCIENCE &amp; AMBITION INTO ACTION \ud83c\udf31\" \/>\n<meta property=\"og:description\" content=\"Boostez vos succ\u00e8s Client avec la transformation IT; du Cloud \u00e0 l&#039;Airbus, de l&#039;IA LeadMedic&#039;s au High Tech S\u00e9curis\u00e9 &amp; commercial; du Blei au Lead - Umwandlung; solutions Pros Cardio &amp; Pulmo O\u00b2 therapy\" \/>\n<meta property=\"og:url\" content=\"https:\/\/aaventure.fr\/\" \/>\n<meta property=\"og:site_name\" content=\"TOGETHER, WE Turn TECH, SCIENCE &amp; AMBITION INTO ACTION \ud83c\udf31\" \/>\n<meta property=\"article:publisher\" content=\"https:\/\/www.facebook.com\/aaventure.avventure.5\/\" \/>\n<meta property=\"article:modified_time\" content=\"2026-05-04T17:31:57+00:00\" \/>\n<meta property=\"og:image\" content=\"https:\/\/aaventure.fr\/wp-content\/uploads\/2025\/05\/SpacetimeDemo.jpg\" \/>\n\t<meta property=\"og:image:width\" content=\"1763\" \/>\n\t<meta property=\"og:image:height\" content=\"995\" \/>\n\t<meta property=\"og:image:type\" content=\"image\/jpeg\" \/>\n<meta name=\"twitter:card\" content=\"summary_large_image\" \/>\n<meta name=\"twitter:label1\" content=\"Dur\u00e9e de lecture estim\u00e9e\" \/>\n\t<meta name=\"twitter:data1\" content=\"2 minutes\" \/>\n<script type=\"application\/ld+json\" class=\"yoast-schema-graph\">{\"@context\":\"https:\/\/schema.org\",\"@graph\":[{\"@type\":\"WebPage\",\"@id\":\"https:\/\/aaventure.fr\/\",\"url\":\"https:\/\/aaventure.fr\/\",\"name\":\"from your \u00c2me to Mag7 - TOGETHER, WE Turn TECH, SCIENCE &amp; AMBITION INTO ACTION \ud83c\udf31\",\"isPartOf\":{\"@id\":\"https:\/\/aaventure.fr\/#website\"},\"primaryImageOfPage\":{\"@id\":\"https:\/\/aaventure.fr\/#primaryimage\"},\"image\":{\"@id\":\"https:\/\/aaventure.fr\/#primaryimage\"},\"thumbnailUrl\":\"http:\/\/aaventure.fr\/wp-content\/uploads\/2025\/05\/SpacetimeDemo.jpg\",\"datePublished\":\"2023-04-04T18:51:13+00:00\",\"dateModified\":\"2026-05-04T17:31:57+00:00\",\"description\":\"Boostez vos succ\u00e8s Client avec la transformation IT; du Cloud \u00e0 l'Airbus, de l'IA LeadMedic's au High Tech S\u00e9curis\u00e9 & commercial; du Blei au Lead - Umwandlung; solutions Pros Cardio & Pulmo O\u00b2 therapy\",\"breadcrumb\":{\"@id\":\"https:\/\/aaventure.fr\/#breadcrumb\"},\"inLanguage\":\"fr-FR\",\"potentialAction\":[{\"@type\":\"ReadAction\",\"target\":[\"https:\/\/aaventure.fr\/\"]}]},{\"@type\":\"ImageObject\",\"inLanguage\":\"fr-FR\",\"@id\":\"https:\/\/aaventure.fr\/#primaryimage\",\"url\":\"https:\/\/aaventure.fr\/wp-content\/uploads\/2025\/05\/SpacetimeDemo.jpg\",\"contentUrl\":\"https:\/\/aaventure.fr\/wp-content\/uploads\/2025\/05\/SpacetimeDemo.jpg\",\"width\":1763,\"height\":995,\"caption\":\"Demo\"},{\"@type\":\"BreadcrumbList\",\"@id\":\"https:\/\/aaventure.fr\/#breadcrumb\",\"itemListElement\":[{\"@type\":\"ListItem\",\"position\":1,\"name\":\"Accueil\",\"item\":\"https:\/\/aaventure.fr\/\"},{\"@type\":\"ListItem\",\"position\":2,\"name\":\"from your \u00c2me to Mag7\"}]},{\"@type\":\"WebSite\",\"@id\":\"https:\/\/aaventure.fr\/#website\",\"url\":\"https:\/\/aaventure.fr\/\",\"name\":\"a&amp;a Venture &gt;\ud83d\udc41 Best O\u00b2iT, Best Life\",\"description\":\"From your &quot;Ame&quot; to &quot;GAFAM &quot;... Service for more than 3 decades, starting from IT &amp; Cyber for  Industries\ud83d\udce1\ud83d\udef0\ufe0f, FinTech, GasTech, BioMedTech, Security, we\u2019ve captured undiscovered market opportunities by empowering extraordinary people to pursue their best &amp; boldest ideas, improving the state of this Planet\",\"publisher\":{\"@id\":\"https:\/\/aaventure.fr\/#organization\"},\"potentialAction\":[{\"@type\":\"SearchAction\",\"target\":{\"@type\":\"EntryPoint\",\"urlTemplate\":\"https:\/\/aaventure.fr\/?s={search_term_string}\"},\"query-input\":{\"@type\":\"PropertyValueSpecification\",\"valueRequired\":true,\"valueName\":\"search_term_string\"}}],\"inLanguage\":\"fr-FR\"},{\"@type\":\"Organization\",\"@id\":\"https:\/\/aaventure.fr\/#organization\",\"name\":\"AAventure\",\"url\":\"https:\/\/aaventure.fr\/\",\"logo\":{\"@type\":\"ImageObject\",\"inLanguage\":\"fr-FR\",\"@id\":\"https:\/\/aaventure.fr\/#\/schema\/logo\/image\/\",\"url\":\"http:\/\/aaventure.fr\/wp-content\/uploads\/2018\/12\/aventure__ee.jpg\",\"contentUrl\":\"http:\/\/aaventure.fr\/wp-content\/uploads\/2018\/12\/aventure__ee.jpg\",\"width\":255,\"height\":255,\"caption\":\"AAventure\"},\"image\":{\"@id\":\"https:\/\/aaventure.fr\/#\/schema\/logo\/image\/\"},\"sameAs\":[\"https:\/\/www.facebook.com\/aaventure.avventure.5\/\"]}]}<\/script>\n<!-- \/ Yoast SEO plugin. -->","yoast_head_json":{"title":"from your \u00c2me to Mag7 - TOGETHER, WE Turn TECH, SCIENCE &amp; AMBITION INTO ACTION \ud83c\udf31","description":"Boostez vos succ\u00e8s Client avec la transformation IT; du Cloud \u00e0 l'Airbus, de l'IA LeadMedic's au High Tech S\u00e9curis\u00e9 & commercial; du Blei au Lead - Umwandlung; solutions Pros Cardio & Pulmo O\u00b2 therapy","robots":{"index":"index","follow":"follow","max-snippet":"max-snippet:-1","max-image-preview":"max-image-preview:large","max-video-preview":"max-video-preview:-1"},"canonical":"https:\/\/aaventure.fr\/","og_locale":"fr_FR","og_type":"article","og_title":"from your \u00c2me to Mag7 - TOGETHER, WE Turn TECH, SCIENCE &amp; AMBITION INTO ACTION \ud83c\udf31","og_description":"Boostez vos succ\u00e8s Client avec la transformation IT; du Cloud \u00e0 l'Airbus, de l'IA LeadMedic's au High Tech S\u00e9curis\u00e9 & commercial; du Blei au Lead - Umwandlung; solutions Pros Cardio & Pulmo O\u00b2 therapy","og_url":"https:\/\/aaventure.fr\/","og_site_name":"TOGETHER, WE Turn TECH, SCIENCE &amp; AMBITION INTO ACTION \ud83c\udf31","article_publisher":"https:\/\/www.facebook.com\/aaventure.avventure.5\/","article_modified_time":"2026-05-04T17:31:57+00:00","og_image":[{"width":1763,"height":995,"url":"https:\/\/aaventure.fr\/wp-content\/uploads\/2025\/05\/SpacetimeDemo.jpg","type":"image\/jpeg"}],"twitter_card":"summary_large_image","twitter_misc":{"Dur\u00e9e de lecture estim\u00e9e":"2 minutes"},"schema":{"@context":"https:\/\/schema.org","@graph":[{"@type":"WebPage","@id":"https:\/\/aaventure.fr\/","url":"https:\/\/aaventure.fr\/","name":"from your \u00c2me to Mag7 - TOGETHER, WE Turn TECH, SCIENCE &amp; AMBITION INTO ACTION \ud83c\udf31","isPartOf":{"@id":"https:\/\/aaventure.fr\/#website"},"primaryImageOfPage":{"@id":"https:\/\/aaventure.fr\/#primaryimage"},"image":{"@id":"https:\/\/aaventure.fr\/#primaryimage"},"thumbnailUrl":"http:\/\/aaventure.fr\/wp-content\/uploads\/2025\/05\/SpacetimeDemo.jpg","datePublished":"2023-04-04T18:51:13+00:00","dateModified":"2026-05-04T17:31:57+00:00","description":"Boostez vos succ\u00e8s Client avec la transformation IT; du Cloud \u00e0 l'Airbus, de l'IA LeadMedic's au High Tech S\u00e9curis\u00e9 & commercial; du Blei au Lead - Umwandlung; solutions Pros Cardio & Pulmo O\u00b2 therapy","breadcrumb":{"@id":"https:\/\/aaventure.fr\/#breadcrumb"},"inLanguage":"fr-FR","potentialAction":[{"@type":"ReadAction","target":["https:\/\/aaventure.fr\/"]}]},{"@type":"ImageObject","inLanguage":"fr-FR","@id":"https:\/\/aaventure.fr\/#primaryimage","url":"https:\/\/aaventure.fr\/wp-content\/uploads\/2025\/05\/SpacetimeDemo.jpg","contentUrl":"https:\/\/aaventure.fr\/wp-content\/uploads\/2025\/05\/SpacetimeDemo.jpg","width":1763,"height":995,"caption":"Demo"},{"@type":"BreadcrumbList","@id":"https:\/\/aaventure.fr\/#breadcrumb","itemListElement":[{"@type":"ListItem","position":1,"name":"Accueil","item":"https:\/\/aaventure.fr\/"},{"@type":"ListItem","position":2,"name":"from your \u00c2me to Mag7"}]},{"@type":"WebSite","@id":"https:\/\/aaventure.fr\/#website","url":"https:\/\/aaventure.fr\/","name":"a&amp;a Venture &gt;\ud83d\udc41 Best O\u00b2iT, Best Life","description":"From your &quot;Ame&quot; to &quot;GAFAM &quot;... Service for more than 3 decades, starting from IT &amp; Cyber for  Industries\ud83d\udce1\ud83d\udef0\ufe0f, FinTech, GasTech, BioMedTech, Security, we\u2019ve captured undiscovered market opportunities by empowering extraordinary people to pursue their best &amp; boldest ideas, improving the state of this Planet","publisher":{"@id":"https:\/\/aaventure.fr\/#organization"},"potentialAction":[{"@type":"SearchAction","target":{"@type":"EntryPoint","urlTemplate":"https:\/\/aaventure.fr\/?s={search_term_string}"},"query-input":{"@type":"PropertyValueSpecification","valueRequired":true,"valueName":"search_term_string"}}],"inLanguage":"fr-FR"},{"@type":"Organization","@id":"https:\/\/aaventure.fr\/#organization","name":"AAventure","url":"https:\/\/aaventure.fr\/","logo":{"@type":"ImageObject","inLanguage":"fr-FR","@id":"https:\/\/aaventure.fr\/#\/schema\/logo\/image\/","url":"http:\/\/aaventure.fr\/wp-content\/uploads\/2018\/12\/aventure__ee.jpg","contentUrl":"http:\/\/aaventure.fr\/wp-content\/uploads\/2018\/12\/aventure__ee.jpg","width":255,"height":255,"caption":"AAventure"},"image":{"@id":"https:\/\/aaventure.fr\/#\/schema\/logo\/image\/"},"sameAs":["https:\/\/www.facebook.com\/aaventure.avventure.5\/"]}]}},"jetpack_sharing_enabled":true,"_links":{"self":[{"href":"https:\/\/aaventure.fr\/index.php?rest_route=\/wp\/v2\/pages\/7","targetHints":{"allow":["GET"]}}],"collection":[{"href":"https:\/\/aaventure.fr\/index.php?rest_route=\/wp\/v2\/pages"}],"about":[{"href":"https:\/\/aaventure.fr\/index.php?rest_route=\/wp\/v2\/types\/page"}],"author":[{"embeddable":true,"href":"https:\/\/aaventure.fr\/index.php?rest_route=\/wp\/v2\/users\/1"}],"replies":[{"embeddable":true,"href":"https:\/\/aaventure.fr\/index.php?rest_route=%2Fwp%2Fv2%2Fcomments&post=7"}],"version-history":[{"count":571,"href":"https:\/\/aaventure.fr\/index.php?rest_route=\/wp\/v2\/pages\/7\/revisions"}],"predecessor-version":[{"id":1753,"href":"https:\/\/aaventure.fr\/index.php?rest_route=\/wp\/v2\/pages\/7\/revisions\/1753"}],"wp:attachment":[{"href":"https:\/\/aaventure.fr\/index.php?rest_route=%2Fwp%2Fv2%2Fmedia&parent=7"}],"curies":[{"name":"wp","href":"https:\/\/api.w.org\/{rel}","templated":true}]}}