{"id":8,"date":"2023-04-04T20:51:13","date_gmt":"2023-04-04T18:51:13","guid":{"rendered":"http:\/\/aaventure.fr\/?page_id=8"},"modified":"2024-12-10T19:14:38","modified_gmt":"2024-12-10T18:14:38","slug":"a-propos-de","status":"publish","type":"page","link":"https:\/\/aaventure.fr\/?page_id=8","title":{"rendered":"Sectors | Secteurs d&rsquo;activit\u00e9"},"content":{"rendered":"<p>D\u00e9couvrez comment les technologies de pointe d&rsquo;A\u00b2Venture transforment les secteurs d&rsquo;activit\u00e9 en offrant des \u00e9changes humains &amp; commerciaux plus intelligents, de nouvelles opportunit\u00e9s de croissance et des strat\u00e9gies pour changer la Plan\u00e8te. v<\/p>\n<p><strong>Aerospace &amp; Defense\u00a0 \u00a0|\u00a0\u00a0<\/strong><strong>Achitecture, Engineering &amp; BuidX\u00a0 |\u00a0\u00a0<\/strong><strong>Business Services, DC , Swiss Rock Solid\u00a0 \u00a0|\u00a0 \u00a0<\/strong><strong>Cities, Public Services, AirO\u00b2 in Your City|\u00a0 \u00a0 \u00a0 \u00a0 Omics BioMedical\u00a0\u00a0\u00a0 |\u00a0 \u00a0Net iT\u00a0 |\u00a0 WB\u00a0 |\u00a0\u00a0<\/strong><strong>Healthcare, Life Science, CRO, Molecule, mAb, Medical Device, ATU, USM FDA\u00a0 |\u00a0 <\/strong><strong>Retail\u00a0 |\u00a0\u00a0<\/strong><strong>XXL \/ nano High Tech\u00a0 |\u00a0\u00a0<\/strong><strong>Home &amp; Lifestyle<\/strong><\/p>\n<p><strong>industrial Equipment, IT equipment, Param Equipment, Energy |\u00a0<\/strong><strong>Marine, Special Marine, Offshore\u00a0 \u00a0|\u00a0 \u00a0<\/strong><strong>Transportation &amp; Mobility, UHNW\u00a0 \u00a0|\u00a0 \u00a0<\/strong><strong>Sciences de la Vie\u00a0 \u00a0 \u00a0Emergency DataCenter Pod\u00a0 |\u00a0\u00a0\u00a0 Pentest\u00a0 Red White Grey\u00a0 Blue Purple\u00a0 |\u00a0\u00a0H\u00e9liports\u00a0 \u00a0 \u00a0H\u00b2\u00a0 O\u00b2 PoD\u00a0 \u00a0 \u00a0 Automobile\u00a0 |\u00a0\u00a0Agriculture\u00a0 \u00a0 Viniculture\u00a0 |\u00a0 FINTECH\u00a0\u00a0March\u00e9s bancaires et financiers\u00a0 \u00a0 \u00a0Assurance |\u00a0\u00a0<\/strong>Formation<\/p>\n<h6>Ai BioTronic System |\u00a0\u00a0\u00c9nergie et services publics, Secteur public, Secteur public &#8211; Gouvernement Europ\u00e9en\u00a0 \u00a0|\u00a0 \u00a0Fabrication \/ M\u00e9taux et industries mini\u00e8res \/ P\u00e9trole et gaz\u00a0 |\u00a0\u00a0Distribution\u00a0 \u00a0|\u00a0\u00a0T\u00e9l\u00e9communications, m\u00e9dias et divertissement\u00a0 |\u00a0\u00a0Voyages et transports<\/h6>\n<p>Solutions sp\u00e9ciales param.<\/p>\n<ul>\n<li>GOTRA pour SIV, OIV, CSU, CSV, CSP, &#8230; |\u00a0MANTEIO pour la s\u00e9curit\u00e9 informatique<\/li>\n<li>PHUMP classe 4 pour LifeForce<\/li>\n<li>GLOBAL SERVICE (Turn Key tWr products &amp; solutions, Conseil, AMOX, infra, LTV, CaC, aRr, service 1DAY, 48H&#8230;),\u00a0 &#8230;\n<ul>\n<li>sites PUBLICS, ERP\u00a0 |\u00a0 \u00a0sites BIOMEDICAUX\u00a0 \u00a0|\u00a0 \u00a0sites ARMEES, OIV, SIV<\/li>\n<\/ul>\n<ul>\n<li>IT &amp; SURETE\u00a0 \u00a0|\u00a0 \u00a0\u00a0LOGISTIQUE Sp\u00e9ciale, M\u00e9dicale, Hors Standard<\/li>\n<\/ul>\n<\/li>\n<\/ul>\n<ul>\n<li style=\"list-style-type: none;\">SHOW ROOM &amp; CONGRES<\/li>\n<\/ul>\n<p>Nos solutions sont issues de plusieurs exp\u00e9riences et offrent un certain niveau de service .<\/p>\n","protected":false},"excerpt":{"rendered":"<p>D\u00e9couvrez comment les technologies de pointe d&rsquo;A\u00b2Venture transforment les secteurs d&rsquo;activit\u00e9 en offrant des \u00e9changes humains &amp; commerciaux plus intelligents, de nouvelles opportunit\u00e9s de croissance et des strat\u00e9gies pour changer la Plan\u00e8te. v Aerospace &amp; Defense\u00a0 \u00a0|\u00a0\u00a0Achitecture, Engineering &amp; BuidX\u00a0 |\u00a0\u00a0Business Services, DC , Swiss Rock Solid\u00a0 \u00a0|\u00a0 \u00a0Cities, Public Services, AirO\u00b2 in Your City|\u00a0 &hellip; <\/p>\n<p class=\"link-more\"><a href=\"https:\/\/aaventure.fr\/?page_id=8\" class=\"more-link\">Continuer la lecture<span class=\"screen-reader-text\"> de &laquo;&nbsp;Sectors | Secteurs d&rsquo;activit\u00e9&nbsp;&raquo;<\/span><\/a><\/p>\n","protected":false},"author":1,"featured_media":852,"parent":0,"menu_order":0,"comment_status":"closed","ping_status":"closed","template":"","meta":{"footnotes":""},"class_list":["post-8","page","type-page","status-publish","has-post-thumbnail","hentry"],"yoast_head":"<!-- This site is optimized with the Yoast SEO plugin v24.9 - https:\/\/yoast.com\/wordpress\/plugins\/seo\/ -->\n<title>Sectors | Secteurs d&#039;activit\u00e9 - TOGETHER, WE Turn TECH, SCIENCE &amp; AMBITION INTO ACTION \ud83c\udf31<\/title>\n<meta name=\"robots\" content=\"index, follow, max-snippet:-1, max-image-preview:large, max-video-preview:-1\" \/>\n<link rel=\"canonical\" href=\"http:\/\/aaventure.fr\/?page_id=8\" \/>\n<meta property=\"og:locale\" content=\"fr_FR\" \/>\n<meta property=\"og:type\" content=\"article\" \/>\n<meta property=\"og:title\" content=\"Sectors | Secteurs d&#039;activit\u00e9 - TOGETHER, WE Turn TECH, SCIENCE &amp; AMBITION INTO ACTION \ud83c\udf31\" \/>\n<meta property=\"og:description\" content=\"D\u00e9couvrez comment les technologies de pointe d&rsquo;A\u00b2Venture transforment les secteurs d&rsquo;activit\u00e9 en offrant des \u00e9changes humains &amp; commerciaux plus intelligents, de nouvelles opportunit\u00e9s de croissance et des strat\u00e9gies pour changer la Plan\u00e8te. v Aerospace &amp; Defense\u00a0 \u00a0|\u00a0\u00a0Achitecture, Engineering &amp; BuidX\u00a0 |\u00a0\u00a0Business Services, DC , Swiss Rock Solid\u00a0 \u00a0|\u00a0 \u00a0Cities, Public Services, AirO\u00b2 in Your City|\u00a0 &hellip; Continuer la lecture de &laquo;&nbsp;Sectors | Secteurs d&rsquo;activit\u00e9&nbsp;&raquo;\" \/>\n<meta property=\"og:url\" content=\"http:\/\/aaventure.fr\/?page_id=8\" \/>\n<meta property=\"og:site_name\" content=\"TOGETHER, WE Turn TECH, SCIENCE &amp; AMBITION INTO ACTION \ud83c\udf31\" \/>\n<meta property=\"article:publisher\" content=\"https:\/\/www.facebook.com\/aaventure.avventure.5\/\" \/>\n<meta property=\"article:modified_time\" content=\"2024-12-10T18:14:38+00:00\" \/>\n<meta property=\"og:image\" content=\"http:\/\/aaventure.fr\/wp-content\/uploads\/2020\/12\/cropped-cropped-GOPR0_LOX_FR.jpg\" \/>\n\t<meta property=\"og:image:width\" content=\"2000\" \/>\n\t<meta property=\"og:image:height\" content=\"1200\" \/>\n\t<meta property=\"og:image:type\" content=\"image\/jpeg\" \/>\n<meta name=\"twitter:card\" content=\"summary_large_image\" \/>\n<meta name=\"twitter:label1\" content=\"Dur\u00e9e de lecture estim\u00e9e\" \/>\n\t<meta name=\"twitter:data1\" content=\"2 minutes\" \/>\n<script type=\"application\/ld+json\" class=\"yoast-schema-graph\">{\"@context\":\"https:\/\/schema.org\",\"@graph\":[{\"@type\":\"WebPage\",\"@id\":\"http:\/\/aaventure.fr\/?page_id=8\",\"url\":\"http:\/\/aaventure.fr\/?page_id=8\",\"name\":\"Sectors | Secteurs d'activit\u00e9 - TOGETHER, WE Turn TECH, SCIENCE &amp; AMBITION INTO ACTION \ud83c\udf31\",\"isPartOf\":{\"@id\":\"https:\/\/aaventure.fr\/#website\"},\"primaryImageOfPage\":{\"@id\":\"http:\/\/aaventure.fr\/?page_id=8#primaryimage\"},\"image\":{\"@id\":\"http:\/\/aaventure.fr\/?page_id=8#primaryimage\"},\"thumbnailUrl\":\"https:\/\/aaventure.fr\/wp-content\/uploads\/2020\/12\/cropped-cropped-GOPR0_LOX_FR.jpg\",\"datePublished\":\"2023-04-04T18:51:13+00:00\",\"dateModified\":\"2024-12-10T18:14:38+00:00\",\"breadcrumb\":{\"@id\":\"http:\/\/aaventure.fr\/?page_id=8#breadcrumb\"},\"inLanguage\":\"fr-FR\",\"potentialAction\":[{\"@type\":\"ReadAction\",\"target\":[\"http:\/\/aaventure.fr\/?page_id=8\"]}]},{\"@type\":\"ImageObject\",\"inLanguage\":\"fr-FR\",\"@id\":\"http:\/\/aaventure.fr\/?page_id=8#primaryimage\",\"url\":\"https:\/\/aaventure.fr\/wp-content\/uploads\/2020\/12\/cropped-cropped-GOPR0_LOX_FR.jpg\",\"contentUrl\":\"https:\/\/aaventure.fr\/wp-content\/uploads\/2020\/12\/cropped-cropped-GOPR0_LOX_FR.jpg\",\"width\":2000,\"height\":1200},{\"@type\":\"BreadcrumbList\",\"@id\":\"http:\/\/aaventure.fr\/?page_id=8#breadcrumb\",\"itemListElement\":[{\"@type\":\"ListItem\",\"position\":1,\"name\":\"Accueil\",\"item\":\"https:\/\/aaventure.fr\/\"},{\"@type\":\"ListItem\",\"position\":2,\"name\":\"Sectors | Secteurs d&rsquo;activit\u00e9\"}]},{\"@type\":\"WebSite\",\"@id\":\"https:\/\/aaventure.fr\/#website\",\"url\":\"https:\/\/aaventure.fr\/\",\"name\":\"a&amp;a Venture &gt;\ud83d\udc41 Best O\u00b2iT, Best Life\",\"description\":\"From your &quot;Ame&quot; to &quot;GAFAM &quot;... Service for more than 3 decades, starting from IT &amp; Cyber for  Industries\ud83d\udce1\ud83d\udef0\ufe0f, FinTech, GasTech, BioMedTech, Security, we\u2019ve captured undiscovered market opportunities by empowering extraordinary people to pursue their best &amp; boldest ideas, improving the state of this Planet\",\"publisher\":{\"@id\":\"https:\/\/aaventure.fr\/#organization\"},\"potentialAction\":[{\"@type\":\"SearchAction\",\"target\":{\"@type\":\"EntryPoint\",\"urlTemplate\":\"https:\/\/aaventure.fr\/?s={search_term_string}\"},\"query-input\":{\"@type\":\"PropertyValueSpecification\",\"valueRequired\":true,\"valueName\":\"search_term_string\"}}],\"inLanguage\":\"fr-FR\"},{\"@type\":\"Organization\",\"@id\":\"https:\/\/aaventure.fr\/#organization\",\"name\":\"AAventure\",\"url\":\"https:\/\/aaventure.fr\/\",\"logo\":{\"@type\":\"ImageObject\",\"inLanguage\":\"fr-FR\",\"@id\":\"https:\/\/aaventure.fr\/#\/schema\/logo\/image\/\",\"url\":\"http:\/\/aaventure.fr\/wp-content\/uploads\/2018\/12\/aventure__ee.jpg\",\"contentUrl\":\"http:\/\/aaventure.fr\/wp-content\/uploads\/2018\/12\/aventure__ee.jpg\",\"width\":255,\"height\":255,\"caption\":\"AAventure\"},\"image\":{\"@id\":\"https:\/\/aaventure.fr\/#\/schema\/logo\/image\/\"},\"sameAs\":[\"https:\/\/www.facebook.com\/aaventure.avventure.5\/\"]}]}<\/script>\n<!-- \/ Yoast SEO plugin. -->","yoast_head_json":{"title":"Sectors | Secteurs d'activit\u00e9 - TOGETHER, WE Turn TECH, SCIENCE &amp; AMBITION INTO ACTION \ud83c\udf31","robots":{"index":"index","follow":"follow","max-snippet":"max-snippet:-1","max-image-preview":"max-image-preview:large","max-video-preview":"max-video-preview:-1"},"canonical":"http:\/\/aaventure.fr\/?page_id=8","og_locale":"fr_FR","og_type":"article","og_title":"Sectors | Secteurs d'activit\u00e9 - TOGETHER, WE Turn TECH, SCIENCE &amp; AMBITION INTO ACTION \ud83c\udf31","og_description":"D\u00e9couvrez comment les technologies de pointe d&rsquo;A\u00b2Venture transforment les secteurs d&rsquo;activit\u00e9 en offrant des \u00e9changes humains &amp; commerciaux plus intelligents, de nouvelles opportunit\u00e9s de croissance et des strat\u00e9gies pour changer la Plan\u00e8te. v Aerospace &amp; Defense\u00a0 \u00a0|\u00a0\u00a0Achitecture, Engineering &amp; BuidX\u00a0 |\u00a0\u00a0Business Services, DC , Swiss Rock Solid\u00a0 \u00a0|\u00a0 \u00a0Cities, Public Services, AirO\u00b2 in Your City|\u00a0 &hellip; Continuer la lecture de &laquo;&nbsp;Sectors | Secteurs d&rsquo;activit\u00e9&nbsp;&raquo;","og_url":"http:\/\/aaventure.fr\/?page_id=8","og_site_name":"TOGETHER, WE Turn TECH, SCIENCE &amp; AMBITION INTO ACTION \ud83c\udf31","article_publisher":"https:\/\/www.facebook.com\/aaventure.avventure.5\/","article_modified_time":"2024-12-10T18:14:38+00:00","og_image":[{"width":2000,"height":1200,"url":"http:\/\/aaventure.fr\/wp-content\/uploads\/2020\/12\/cropped-cropped-GOPR0_LOX_FR.jpg","type":"image\/jpeg"}],"twitter_card":"summary_large_image","twitter_misc":{"Dur\u00e9e de lecture estim\u00e9e":"2 minutes"},"schema":{"@context":"https:\/\/schema.org","@graph":[{"@type":"WebPage","@id":"http:\/\/aaventure.fr\/?page_id=8","url":"http:\/\/aaventure.fr\/?page_id=8","name":"Sectors | Secteurs d'activit\u00e9 - TOGETHER, WE Turn TECH, SCIENCE &amp; AMBITION INTO ACTION \ud83c\udf31","isPartOf":{"@id":"https:\/\/aaventure.fr\/#website"},"primaryImageOfPage":{"@id":"http:\/\/aaventure.fr\/?page_id=8#primaryimage"},"image":{"@id":"http:\/\/aaventure.fr\/?page_id=8#primaryimage"},"thumbnailUrl":"https:\/\/aaventure.fr\/wp-content\/uploads\/2020\/12\/cropped-cropped-GOPR0_LOX_FR.jpg","datePublished":"2023-04-04T18:51:13+00:00","dateModified":"2024-12-10T18:14:38+00:00","breadcrumb":{"@id":"http:\/\/aaventure.fr\/?page_id=8#breadcrumb"},"inLanguage":"fr-FR","potentialAction":[{"@type":"ReadAction","target":["http:\/\/aaventure.fr\/?page_id=8"]}]},{"@type":"ImageObject","inLanguage":"fr-FR","@id":"http:\/\/aaventure.fr\/?page_id=8#primaryimage","url":"https:\/\/aaventure.fr\/wp-content\/uploads\/2020\/12\/cropped-cropped-GOPR0_LOX_FR.jpg","contentUrl":"https:\/\/aaventure.fr\/wp-content\/uploads\/2020\/12\/cropped-cropped-GOPR0_LOX_FR.jpg","width":2000,"height":1200},{"@type":"BreadcrumbList","@id":"http:\/\/aaventure.fr\/?page_id=8#breadcrumb","itemListElement":[{"@type":"ListItem","position":1,"name":"Accueil","item":"https:\/\/aaventure.fr\/"},{"@type":"ListItem","position":2,"name":"Sectors | Secteurs d&rsquo;activit\u00e9"}]},{"@type":"WebSite","@id":"https:\/\/aaventure.fr\/#website","url":"https:\/\/aaventure.fr\/","name":"a&amp;a Venture &gt;\ud83d\udc41 Best O\u00b2iT, Best Life","description":"From your &quot;Ame&quot; to &quot;GAFAM &quot;... Service for more than 3 decades, starting from IT &amp; Cyber for  Industries\ud83d\udce1\ud83d\udef0\ufe0f, FinTech, GasTech, BioMedTech, Security, we\u2019ve captured undiscovered market opportunities by empowering extraordinary people to pursue their best &amp; boldest ideas, improving the state of this Planet","publisher":{"@id":"https:\/\/aaventure.fr\/#organization"},"potentialAction":[{"@type":"SearchAction","target":{"@type":"EntryPoint","urlTemplate":"https:\/\/aaventure.fr\/?s={search_term_string}"},"query-input":{"@type":"PropertyValueSpecification","valueRequired":true,"valueName":"search_term_string"}}],"inLanguage":"fr-FR"},{"@type":"Organization","@id":"https:\/\/aaventure.fr\/#organization","name":"AAventure","url":"https:\/\/aaventure.fr\/","logo":{"@type":"ImageObject","inLanguage":"fr-FR","@id":"https:\/\/aaventure.fr\/#\/schema\/logo\/image\/","url":"http:\/\/aaventure.fr\/wp-content\/uploads\/2018\/12\/aventure__ee.jpg","contentUrl":"http:\/\/aaventure.fr\/wp-content\/uploads\/2018\/12\/aventure__ee.jpg","width":255,"height":255,"caption":"AAventure"},"image":{"@id":"https:\/\/aaventure.fr\/#\/schema\/logo\/image\/"},"sameAs":["https:\/\/www.facebook.com\/aaventure.avventure.5\/"]}]}},"jetpack_sharing_enabled":true,"_links":{"self":[{"href":"https:\/\/aaventure.fr\/index.php?rest_route=\/wp\/v2\/pages\/8","targetHints":{"allow":["GET"]}}],"collection":[{"href":"https:\/\/aaventure.fr\/index.php?rest_route=\/wp\/v2\/pages"}],"about":[{"href":"https:\/\/aaventure.fr\/index.php?rest_route=\/wp\/v2\/types\/page"}],"author":[{"embeddable":true,"href":"https:\/\/aaventure.fr\/index.php?rest_route=\/wp\/v2\/users\/1"}],"replies":[{"embeddable":true,"href":"https:\/\/aaventure.fr\/index.php?rest_route=%2Fwp%2Fv2%2Fcomments&post=8"}],"version-history":[{"count":55,"href":"https:\/\/aaventure.fr\/index.php?rest_route=\/wp\/v2\/pages\/8\/revisions"}],"predecessor-version":[{"id":1573,"href":"https:\/\/aaventure.fr\/index.php?rest_route=\/wp\/v2\/pages\/8\/revisions\/1573"}],"wp:featuredmedia":[{"embeddable":true,"href":"https:\/\/aaventure.fr\/index.php?rest_route=\/wp\/v2\/media\/852"}],"wp:attachment":[{"href":"https:\/\/aaventure.fr\/index.php?rest_route=%2Fwp%2Fv2%2Fmedia&parent=8"}],"curies":[{"name":"wp","href":"https:\/\/api.w.org\/{rel}","templated":true}]}}